{"id":2220,"date":"2015-11-08T16:31:09","date_gmt":"2015-11-08T15:31:09","guid":{"rendered":"https:\/\/mejeriet.smorgossarna.se\/?page_id=2220&#038;lang=en"},"modified":"2022-06-21T15:52:30","modified_gmt":"2022-06-21T13:52:30","slug":"hem","status":"publish","type":"page","link":"https:\/\/mejeriet.smorgossarna.se\/en\/","title":{"rendered":"Home"},"content":{"rendered":"<p>[vc_row][vc_column offset=&#8221;vc_hidden-lg vc_hidden-md&#8221;][vc_empty_space height=&#8221;16px&#8221;][vc_column_text]<\/p>\n<h2 style=\"text-align: center;\">Opening hours<\/h2>\n<p>[\/vc_column_text][vc_widget_sidebar sidebar_id=&#8221;avada-footer-widget-1&#8243;][vc_empty_space][\/vc_column][\/vc_row][vc_row parallax=&#8221;content-moving&#8221; css=&#8221;.vc_custom_1441466637697{margin-right: -50px !important;margin-left: -50px !important;padding-top: 170px !important;padding-right: 0px !important;padding-bottom: 210px !important;padding-left: 0px !important;background-image: url(https:\/\/mejeriet.smorgossarna.se\/wp-content\/uploads\/2011\/05\/jurss_mejeri_hardost_malma_1920x1080.jpg?id=1974) !important;background-position: center;background-repeat: no-repeat !important;background-size: cover !important;}&#8221;][vc_column width=&#8221;1\/6&#8243; css=&#8221;.vc_custom_1439203078488{margin-top: 0px !important;margin-right: 0px !important;margin-bottom: 0px !important;margin-left: 0px !important;padding-top: 0px !important;padding-right: 0px !important;padding-bottom: 0px !important;padding-left: 0px !important;}&#8221;][vc_column_text]<br \/>\n[\/vc_column_text][\/vc_column][vc_column width=&#8221;2\/3&#8243; css=&#8221;.vc_custom_1441561868190{padding-right: 20px !important;padding-left: 20px !important;}&#8221;][vc_column_text]<\/p>\n<h1 style=\"text-align: center;\"><span style=\"color: #ffffff;\">Our cheese isn\u2019t strong,<br \/>\nbut it is packed with flavour<\/span><\/h1>\n<p>[\/vc_column_text][\/vc_column][vc_column width=&#8221;1\/6&#8243;][vc_column_text]<br \/>\n[\/vc_column_text][\/vc_column][\/vc_row][vc_row][vc_column width=&#8221;1\/6&#8243;][vc_column_text]<br \/>\n[\/vc_column_text][\/vc_column][vc_column width=&#8221;2\/3&#8243;][vc_empty_space height=&#8221;12px&#8221;][vc_column_text]<\/p>\n<h3 style=\"text-align: center;\">We make exclusive cheeses from organic milk produced by the farms of S\u00f6dermanland in Sweden. Our cheeses are made using traditional artisanal methods, which we then sell in our own store and online shop. You can also learn the craft of cheese making from scratch.<\/h3>\n<h3 style=\"text-align: center;\">Welcome to J\u00fcrss Mejeri.<\/h3>\n<p>[\/vc_column_text][vc_empty_space height=&#8221;35px&#8221;][\/vc_column][vc_column width=&#8221;1\/6&#8243;][vc_column_text]<br \/>\n[\/vc_column_text][\/vc_column][\/vc_row][vc_row css=&#8221;.vc_custom_1655819148654{background-image: url(https:\/\/mejeriet.smorgossarna.se\/wp-content\/uploads\/2011\/05\/jurss_mejeri_hardost_malma_1920x1080.jpg?id=2700) !important;}&#8221;][vc_column width=&#8221;1\/4&#8243;][\/vc_column][vc_column width=&#8221;2\/4&#8243;][vc_column_text]I am text block. Click edit button to change this text. Lorem ipsum dolor sit amet, consectetur adipiscing elit. Ut elit tellus, luctus nec ullamcorper mattis, pulvinar dapibus leo.[\/vc_column_text][\/vc_column][vc_column width=&#8221;1\/4&#8243;][\/vc_column][\/vc_row][vc_row css=&#8221;.vc_custom_1439305647502{margin-right: -65px !important;margin-left: -65px !important;padding-right: 0px !important;padding-left: 0px !important;}&#8221; el_id=&#8221;kop_ost&#8221;][vc_column css=&#8221;.vc_custom_1439305345854{margin-right: 0px !important;margin-left: 0px !important;padding-right: 0px !important;padding-left: 0px !important;}&#8221;][vc_row_inner css=&#8221;.vc_custom_1439305173821{margin-right: 0px !important;margin-left: 0px !important;padding-right: 0px !important;padding-left: 0px !important;}&#8221;][vc_column_inner width=&#8221;1\/3&#8243;][vc_single_image image=&#8221;1962&#8243; img_size=&#8221;full&#8221; alignment=&#8221;center&#8221; onclick=&#8221;custom_link&#8221; link=&#8221;https:\/\/mejeriet.smorgossarna.se\/kopa-ost\/var-butik\/&#8221;][vc_empty_space height=&#8221;10px&#8221;][vc_column_text css=&#8221;.vc_custom_1447426843877{padding-right: 40px !important;padding-left: 40px !important;}&#8221;]<\/p>\n<h3 style=\"text-align: center;\">Welcome to our store.<\/h3>\n<p>[\/vc_column_text][vc_empty_space height=&#8221;12px&#8221;][vc_btn title=&#8221;Opening hours&#8221; style=&#8221;outline-custom&#8221; outline_custom_color=&#8221;#000000&#8243; outline_custom_hover_background=&#8221;#0372b2&#8243; outline_custom_hover_text=&#8221;#ffffff&#8221; shape=&#8221;square&#8221; size=&#8221;xs&#8221; align=&#8221;center&#8221; i_align=&#8221;right&#8221; i_type=&#8221;entypo&#8221; i_icon_entypo=&#8221;entypo-icon entypo-icon-right-open-big&#8221; add_icon=&#8221;true&#8221; link=&#8221;url:https%3A%2F%2Fmejeriet.smorgossarna.se%2Fen%2Fbuy-cheese%2Fstore-opening-hours%2F||&#8221;][vc_empty_space height=&#8221;35px&#8221;][\/vc_column_inner][vc_column_inner width=&#8221;1\/3&#8243;][vc_single_image image=&#8221;1957&#8243; img_size=&#8221;full&#8221; alignment=&#8221;center&#8221; onclick=&#8221;custom_link&#8221; link=&#8221;https:\/\/shop.jurssmejeri.se&#8221;][vc_empty_space height=&#8221;10px&#8221;][vc_column_text css=&#8221;.vc_custom_1447426866973{padding-right: 40px !important;padding-left: 40px !important;}&#8221;]<\/p>\n<h3 style=\"text-align: center;\">Buy cheese 24\/7 in our online shop.<\/h3>\n<p>[\/vc_column_text][vc_empty_space height=&#8221;12px&#8221;][vc_btn title=&#8221;Web shop&#8221; style=&#8221;outline-custom&#8221; outline_custom_color=&#8221;#000000&#8243; outline_custom_hover_background=&#8221;#0372b2&#8243; outline_custom_hover_text=&#8221;#ffffff&#8221; shape=&#8221;square&#8221; size=&#8221;xs&#8221; align=&#8221;center&#8221; i_align=&#8221;right&#8221; i_type=&#8221;entypo&#8221; i_icon_entypo=&#8221;entypo-icon entypo-icon-right-open-big&#8221; add_icon=&#8221;true&#8221; link=&#8221;url:https%3A%2F%2Fmejeriet.smorgossarna.se%2Fen%2Flandingpage_shop%2F||target:%20_blank&#8221;][vc_empty_space height=&#8221;35px&#8221;][\/vc_column_inner][vc_column_inner width=&#8221;1\/3&#8243;][vc_single_image image=&#8221;1960&#8243; img_size=&#8221;full&#8221; alignment=&#8221;center&#8221; onclick=&#8221;custom_link&#8221; link=&#8221;https:\/\/mejeriet.smorgossarna.se\/kopa-ost\/aterforsaljare-och-krogare\/&#8221;][vc_empty_space height=&#8221;10px&#8221;][vc_column_text css=&#8221;.vc_custom_1447426895246{padding-right: 40px !important;padding-left: 40px !important;}&#8221;]<\/p>\n<h3 style=\"text-align: center;\">Looking to sell or serve our cheeses?<\/h3>\n<p>[\/vc_column_text][vc_empty_space height=&#8221;12px&#8221;][vc_btn title=&#8221;Contact us&#8221; style=&#8221;outline-custom&#8221; outline_custom_color=&#8221;#000000&#8243; outline_custom_hover_background=&#8221;#0372b2&#8243; outline_custom_hover_text=&#8221;#ffffff&#8221; shape=&#8221;square&#8221; size=&#8221;xs&#8221; align=&#8221;center&#8221; i_align=&#8221;right&#8221; i_type=&#8221;entypo&#8221; i_icon_entypo=&#8221;entypo-icon entypo-icon-right-open-big&#8221; add_icon=&#8221;true&#8221; link=&#8221;url:https%3A%2F%2Fmejeriet.smorgossarna.se%2Fen%2Fbuy-cheese%2Fretail-and-restaurants%2F||&#8221;][vc_empty_space height=&#8221;35px&#8221;][\/vc_column_inner][\/vc_row_inner][\/vc_column][\/vc_row][vc_row parallax=&#8221;content-moving&#8221; css=&#8221;.vc_custom_1441466148148{margin-right: -50px !important;margin-left: -50px !important;padding-top: 110px !important;padding-right: 0px !important;padding-bottom: 150px !important;padding-left: 0px !important;background-image: url(https:\/\/mejeriet.smorgossarna.se\/wp-content\/uploads\/2011\/05\/jurss_mejeri_vara_ostar_granbarksost_kittost_vitmogelost_1920x1080.jpg?id=1976) !important;background-position: center;background-repeat: no-repeat !important;background-size: cover !important;}&#8221; el_id=&#8221;vara_ostar&#8221;][vc_column width=&#8221;1\/6&#8243; css=&#8221;.vc_custom_1439203078488{margin-top: 0px !important;margin-right: 0px !important;margin-bottom: 0px !important;margin-left: 0px !important;padding-top: 0px !important;padding-right: 0px !important;padding-bottom: 0px !important;padding-left: 0px !important;}&#8221;][vc_column_text]<br \/>\n[\/vc_column_text][\/vc_column][vc_column width=&#8221;2\/3&#8243; css=&#8221;.vc_custom_1441561673184{padding-right: 25px !important;padding-left: 25px !important;}&#8221;][vc_column_text]<\/p>\n<h1 style=\"text-align: center;\"><span style=\"color: #ffffff;\">Granbarksost, S\u00f6rmlands \u00c4del, Linn\u00e9a \u2013 get to know all our cheeses<\/span><\/h1>\n<p>[\/vc_column_text][vc_empty_space height=&#8221;12px&#8221;][vc_column_text]<\/p>\n<h3 style=\"text-align: center;\"><span style=\"color: #ffffff;\">We make cheeses for every occasion. The exclusive dinner, the big party or for breakfast.<\/span><\/h3>\n<p>[\/vc_column_text][vc_empty_space][vc_btn title=&#8221;Read more about our cheeses&#8221; style=&#8221;outline-custom&#8221; outline_custom_color=&#8221;#ffffff&#8221; outline_custom_hover_background=&#8221;#0372b2&#8243; outline_custom_hover_text=&#8221;#ffffff&#8221; shape=&#8221;square&#8221; align=&#8221;center&#8221; i_align=&#8221;right&#8221; i_type=&#8221;entypo&#8221; i_icon_entypo=&#8221;entypo-icon entypo-icon-right-open-big&#8221; add_icon=&#8221;true&#8221; link=&#8221;url:https%3A%2F%2Fmejeriet.smorgossarna.se%2Fen%2Four-cheeses%2F||&#8221;][\/vc_column][vc_column width=&#8221;1\/6&#8243;][vc_column_text]<br \/>\n[\/vc_column_text][\/vc_column][\/vc_row][vc_row][vc_column][vc_empty_space height=&#8221;35px&#8221;][\/vc_column][\/vc_row][vc_row el_id=&#8221;om_oss&#8221; css=&#8221;.vc_custom_1439328487886{margin-right: -50px !important;margin-left: -50px !important;padding-right: 0px !important;padding-left: 0px !important;}&#8221;][vc_column css=&#8221;.vc_custom_1439328434145{margin-right: 0px !important;margin-left: 0px !important;padding-right: 0px !important;padding-left: 0px !important;}&#8221;][vc_row_inner][vc_column_inner width=&#8221;1\/3&#8243;][vc_single_image image=&#8221;1933&#8243; img_size=&#8221;full&#8221; alignment=&#8221;center&#8221; onclick=&#8221;custom_link&#8221; link=&#8221;https:\/\/mejeriet.smorgossarna.se\/om-oss\/var-historia\/&#8221;][vc_empty_space height=&#8221;10px&#8221;][vc_column_text css=&#8221;.vc_custom_1447427188337{padding-right: 40px !important;padding-left: 40px !important;}&#8221;]<\/p>\n<h3 style=\"text-align: center;\">We\u2019ve worked with cheese for over 25 years.<\/h3>\n<p>[\/vc_column_text][vc_empty_space height=&#8221;12px&#8221;][vc_btn title=&#8221;Find out more&#8221; style=&#8221;outline-custom&#8221; outline_custom_color=&#8221;#000000&#8243; outline_custom_hover_background=&#8221;#0372b2&#8243; outline_custom_hover_text=&#8221;#ffffff&#8221; shape=&#8221;square&#8221; size=&#8221;xs&#8221; align=&#8221;center&#8221; i_align=&#8221;right&#8221; i_type=&#8221;entypo&#8221; i_icon_entypo=&#8221;entypo-icon entypo-icon-right-open-big&#8221; add_icon=&#8221;true&#8221; link=&#8221;url:https%3A%2F%2Fmejeriet.smorgossarna.se%2Fen%2Fabout-us%2Four-history%2F||&#8221;][vc_empty_space height=&#8221;35px&#8221;][\/vc_column_inner][vc_column_inner width=&#8221;1\/3&#8243;][vc_single_image image=&#8221;1958&#8243; img_size=&#8221;full&#8221; alignment=&#8221;center&#8221; onclick=&#8221;custom_link&#8221; link=&#8221;https:\/\/mejeriet.smorgossarna.se\/om-oss\/vart-mejeri\/&#8221;][vc_empty_space height=&#8221;10px&#8221;][vc_column_text css=&#8221;.vc_custom_1447427329944{padding-right: 50px !important;padding-left: 50px !important;}&#8221;]<\/p>\n<h3 style=\"text-align: center;\">All made by hand. Welcome!<\/h3>\n<p>[\/vc_column_text][vc_empty_space height=&#8221;12px&#8221;][vc_btn title=&#8221;Read about our dairy&#8221; style=&#8221;outline-custom&#8221; outline_custom_color=&#8221;#000000&#8243; outline_custom_hover_background=&#8221;#0372b2&#8243; outline_custom_hover_text=&#8221;#ffffff&#8221; shape=&#8221;square&#8221; size=&#8221;xs&#8221; align=&#8221;center&#8221; i_align=&#8221;right&#8221; i_type=&#8221;entypo&#8221; i_icon_entypo=&#8221;entypo-icon entypo-icon-right-open-big&#8221; add_icon=&#8221;true&#8221; link=&#8221;url:https%3A%2F%2Fmejeriet.smorgossarna.se%2Fen%2Fabout-us%2Fthe-dairy%2F||&#8221;][vc_empty_space height=&#8221;35px&#8221;][\/vc_column_inner][vc_column_inner width=&#8221;1\/3&#8243;][vc_single_image image=&#8221;1934&#8243; img_size=&#8221;full&#8221; alignment=&#8221;center&#8221; onclick=&#8221;custom_link&#8221; link=&#8221;https:\/\/mejeriet.smorgossarna.se\/om-oss\/jurss-mejeri-ekologiskt-certifierade\/&#8221;][vc_empty_space height=&#8221;10px&#8221;][vc_column_text css=&#8221;.vc_custom_1447427396757{padding-right: 40px !important;padding-left: 20px !important;}&#8221;]<\/p>\n<h3 style=\"text-align: center;\">J\u00fcrss Mejeri has been certified organic since 2009.<\/h3>\n<p>[\/vc_column_text][vc_empty_space height=&#8221;12px&#8221;][vc_btn title=&#8221;Find out more&#8221; style=&#8221;outline-custom&#8221; outline_custom_color=&#8221;#000000&#8243; outline_custom_hover_background=&#8221;#0372b2&#8243; outline_custom_hover_text=&#8221;#ffffff&#8221; shape=&#8221;square&#8221; size=&#8221;xs&#8221; align=&#8221;center&#8221; i_align=&#8221;right&#8221; i_type=&#8221;entypo&#8221; i_icon_entypo=&#8221;entypo-icon entypo-icon-right-open-big&#8221; add_icon=&#8221;true&#8221; link=&#8221;url:https%3A%2F%2Fmejeriet.smorgossarna.se%2Fen%2Fabout-us%2Fcertified-organic%2F||&#8221;][vc_empty_space height=&#8221;35px&#8221;][\/vc_column_inner][\/vc_row_inner][\/vc_column][\/vc_row][vc_row parallax=&#8221;content-moving&#8221; css=&#8221;.vc_custom_1441561336818{margin-right: -50px !important;margin-left: -50px !important;padding-top: 180px !important;padding-right: 0px !important;padding-bottom: 60px !important;padding-left: 0px !important;background-image: url(https:\/\/mejeriet.smorgossarna.se\/wp-content\/uploads\/2011\/05\/jurss_mejeri_ost_kurser_utbildningar_ystning_1920x1080.jpg?id=1977) !important;background-position: center;background-repeat: no-repeat !important;background-size: cover !important;}&#8221; el_id=&#8221;#kurser_utbildningar&#8221;][vc_column width=&#8221;1\/6&#8243;][\/vc_column][vc_column width=&#8221;2\/3&#8243; css=&#8221;.vc_custom_1441561592155{padding-right: 20px !important;padding-left: 20px !important;}&#8221;][vc_column_text]<\/p>\n<h1 style=\"text-align: center;\">Learn the art of artisan cheese making<\/h1>\n<p>[\/vc_column_text][vc_empty_space height=&#8221;12px&#8221;][vc_column_text css=&#8221;.vc_custom_1447427606021{padding-right: 40px !important;padding-left: 40px !important;}&#8221;]<\/p>\n<h3 style=\"text-align: center;\">Swedish cheese has never been as good as it is today.\u00a0More and more small-scale dairies are seeing the light of day. Many new dairymen and women have learned the basics with us.<\/h3>\n<h3 style=\"text-align: center;\">A two-day basic course, or five days\u2019 comprehensive training? Learn the craft with us.<\/h3>\n<p>[\/vc_column_text][vc_empty_space][vc_btn title=&#8221;Join one of our courses (Swedish)&#8221; style=&#8221;outline-custom&#8221; outline_custom_color=&#8221;#000000&#8243; outline_custom_hover_background=&#8221;#0372b2&#8243; outline_custom_hover_text=&#8221;#ffffff&#8221; shape=&#8221;square&#8221; align=&#8221;center&#8221; i_align=&#8221;right&#8221; i_type=&#8221;entypo&#8221; i_icon_entypo=&#8221;entypo-icon entypo-icon-right-open-big&#8221; add_icon=&#8221;true&#8221; link=&#8221;url:https%3A%2F%2Fmejeriet.smorgossarna.se%2Fen%2Flandingpage_courses%2F||target:%20_blank|&#8221;][\/vc_column][vc_column width=&#8221;1\/6&#8243;][\/vc_column][\/vc_row]<\/p>\n","protected":false},"excerpt":{"rendered":"<p>[vc_row][vc_column offset=&#8221;vc_hidden-lg vc_hidden-md&#8221;][vc_empty_space height=&#8221;16px&#8221;][vc_column_text] Opening hours [\/vc_column_text][vc_widget_sidebar sidebar_id=&#8221;avada-footer-widget-1&#8243;][vc_empty_space][\/vc_column][\/vc_row][vc_row parallax=&#8221;content-moving&#8221; css=&#8221;.vc_custom_1441466637697{margin-right: -50px !important;margin-left: -50px !important;padding-top: 170px !important;padding-right: 0px !important;padding-bottom: 210px !important;padding-left: 0px !important;background-image: url(https:\/\/mejeriet.smorgossarna.se\/wp-content\/uploads\/2011\/05\/jurss_mejeri_hardost_malma_1920x1080.jpg?id=1974) !important;background-position: center;background-repeat: no-repeat !important;background-size: cover !important;}&#8221;][vc_column width=&#8221;1\/6&#8243; css=&#8221;.vc_custom_1439203078488{margin-top: 0px !important;margin-right: 0px !important;margin-bottom: 0px !important;margin-left: 0px !important;padding-top: 0px !important;padding-right: 0px !important;padding-bottom: 0px !important;padding-left: 0px !important;}&#8221;][vc_column_text] [\/vc_column_text][\/vc_column][vc_column width=&#8221;2\/3&#8243; css=&#8221;.vc_custom_1441561868190{padding-right: 20px !important;padding-left: 20px !important;}&#8221;][vc_column_text] Our [&hellip;]<\/p>\n","protected":false},"author":3,"featured_media":0,"parent":0,"menu_order":1,"comment_status":"closed","ping_status":"closed","template":"100-width.php","meta":[],"yoast_head":"<!-- This site is optimized with the Yoast SEO plugin v20.6 - https:\/\/yoast.com\/wordpress\/plugins\/seo\/ -->\n<title>Home - J\u00fcrss Mejeri<\/title>\n<meta name=\"robots\" content=\"index, follow, max-snippet:-1, max-image-preview:large, max-video-preview:-1\" \/>\n<link rel=\"canonical\" href=\"https:\/\/mejeriet.smorgossarna.se\/en\/\" \/>\n<meta property=\"og:locale\" content=\"en_US\" \/>\n<meta property=\"og:type\" content=\"article\" \/>\n<meta property=\"og:title\" content=\"Home - J\u00fcrss Mejeri\" \/>\n<meta property=\"og:description\" content=\"[vc_row][vc_column offset=&#8221;vc_hidden-lg vc_hidden-md&#8221;][vc_empty_space height=&#8221;16px&#8221;][vc_column_text] Opening hours [\/vc_column_text][vc_widget_sidebar sidebar_id=&#8221;avada-footer-widget-1&#8243;][vc_empty_space][\/vc_column][\/vc_row][vc_row parallax=&#8221;content-moving&#8221; css=&#8221;.vc_custom_1441466637697{margin-right: -50px !important;margin-left: -50px !important;padding-top: 170px !important;padding-right: 0px !important;padding-bottom: 210px !important;padding-left: 0px !important;background-image: url(https:\/\/mejeriet.smorgossarna.se\/wp-content\/uploads\/2011\/05\/jurss_mejeri_hardost_malma_1920x1080.jpg?id=1974) !important;background-position: center;background-repeat: no-repeat !important;background-size: cover !important;}&#8221;][vc_column width=&#8221;1\/6&#8243; css=&#8221;.vc_custom_1439203078488{margin-top: 0px !important;margin-right: 0px !important;margin-bottom: 0px !important;margin-left: 0px !important;padding-top: 0px !important;padding-right: 0px !important;padding-bottom: 0px !important;padding-left: 0px !important;}&#8221;][vc_column_text] [\/vc_column_text][\/vc_column][vc_column width=&#8221;2\/3&#8243; css=&#8221;.vc_custom_1441561868190{padding-right: 20px !important;padding-left: 20px !important;}&#8221;][vc_column_text] Our [&hellip;]\" \/>\n<meta property=\"og:url\" content=\"https:\/\/mejeriet.smorgossarna.se\/en\/\" \/>\n<meta property=\"og:site_name\" content=\"J\u00fcrss Mejeri\" \/>\n<meta property=\"article:publisher\" content=\"https:\/\/www.facebook.com\/pages\/J%c3%bcrss-Mejeri\/159911630767867?fref=ts\" \/>\n<meta property=\"article:modified_time\" content=\"2022-06-21T13:52:30+00:00\" \/>\n<meta name=\"twitter:card\" content=\"summary_large_image\" \/>\n<meta name=\"twitter:label1\" content=\"Est. reading time\" \/>\n\t<meta name=\"twitter:data1\" content=\"4 minutes\" \/>\n<script type=\"application\/ld+json\" class=\"yoast-schema-graph\">{\"@context\":\"https:\/\/schema.org\",\"@graph\":[{\"@type\":\"WebPage\",\"@id\":\"https:\/\/mejeriet.smorgossarna.se\/en\/\",\"url\":\"https:\/\/mejeriet.smorgossarna.se\/en\/\",\"name\":\"Home - J\u00fcrss Mejeri\",\"isPartOf\":{\"@id\":\"https:\/\/mejeriet.smorgossarna.se\/#website\"},\"datePublished\":\"2015-11-08T15:31:09+00:00\",\"dateModified\":\"2022-06-21T13:52:30+00:00\",\"breadcrumb\":{\"@id\":\"https:\/\/mejeriet.smorgossarna.se\/en\/#breadcrumb\"},\"inLanguage\":\"en-US\",\"potentialAction\":[{\"@type\":\"ReadAction\",\"target\":[\"https:\/\/mejeriet.smorgossarna.se\/en\/\"]}]},{\"@type\":\"BreadcrumbList\",\"@id\":\"https:\/\/mejeriet.smorgossarna.se\/en\/#breadcrumb\",\"itemListElement\":[{\"@type\":\"ListItem\",\"position\":1,\"name\":\"Hem\",\"item\":\"https:\/\/mejeriet.smorgossarna.se\/en\/\"},{\"@type\":\"ListItem\",\"position\":2,\"name\":\"Home\"}]},{\"@type\":\"WebSite\",\"@id\":\"https:\/\/mejeriet.smorgossarna.se\/#website\",\"url\":\"https:\/\/mejeriet.smorgossarna.se\/\",\"name\":\"J\u00fcrss Mejeri\",\"description\":\"Exklusiva ostar, kurser och utbildningar i hantverksm\u00e4ssig ytsning\",\"publisher\":{\"@id\":\"https:\/\/mejeriet.smorgossarna.se\/#organization\"},\"potentialAction\":[{\"@type\":\"SearchAction\",\"target\":{\"@type\":\"EntryPoint\",\"urlTemplate\":\"https:\/\/mejeriet.smorgossarna.se\/?s={search_term_string}\"},\"query-input\":\"required name=search_term_string\"}],\"inLanguage\":\"en-US\"},{\"@type\":\"Organization\",\"@id\":\"https:\/\/mejeriet.smorgossarna.se\/#organization\",\"name\":\"J\u00fcrss Mejeri\",\"url\":\"https:\/\/mejeriet.smorgossarna.se\/\",\"logo\":{\"@type\":\"ImageObject\",\"inLanguage\":\"en-US\",\"@id\":\"https:\/\/mejeriet.smorgossarna.se\/#\/schema\/logo\/image\/\",\"url\":\"https:\/\/mejeriet.smorgossarna.se\/wp-content\/uploads\/2015\/08\/jurss_mejeri_logotyp-e1438949331545.jpg\",\"contentUrl\":\"https:\/\/mejeriet.smorgossarna.se\/wp-content\/uploads\/2015\/08\/jurss_mejeri_logotyp-e1438949331545.jpg\",\"width\":100,\"height\":100,\"caption\":\"J\u00fcrss Mejeri\"},\"image\":{\"@id\":\"https:\/\/mejeriet.smorgossarna.se\/#\/schema\/logo\/image\/\"},\"sameAs\":[\"https:\/\/www.facebook.com\/pages\/J\u00fcrss-Mejeri\/159911630767867?fref=ts\",\"https:\/\/instagram.com\/jurssmejeri\/\"]}]}<\/script>\n<!-- \/ Yoast SEO plugin. -->","yoast_head_json":{"title":"Home - J\u00fcrss Mejeri","robots":{"index":"index","follow":"follow","max-snippet":"max-snippet:-1","max-image-preview":"max-image-preview:large","max-video-preview":"max-video-preview:-1"},"canonical":"https:\/\/mejeriet.smorgossarna.se\/en\/","og_locale":"en_US","og_type":"article","og_title":"Home - J\u00fcrss Mejeri","og_description":"[vc_row][vc_column offset=&#8221;vc_hidden-lg vc_hidden-md&#8221;][vc_empty_space height=&#8221;16px&#8221;][vc_column_text] Opening hours [\/vc_column_text][vc_widget_sidebar sidebar_id=&#8221;avada-footer-widget-1&#8243;][vc_empty_space][\/vc_column][\/vc_row][vc_row parallax=&#8221;content-moving&#8221; css=&#8221;.vc_custom_1441466637697{margin-right: -50px !important;margin-left: -50px !important;padding-top: 170px !important;padding-right: 0px !important;padding-bottom: 210px !important;padding-left: 0px !important;background-image: url(https:\/\/mejeriet.smorgossarna.se\/wp-content\/uploads\/2011\/05\/jurss_mejeri_hardost_malma_1920x1080.jpg?id=1974) !important;background-position: center;background-repeat: no-repeat !important;background-size: cover !important;}&#8221;][vc_column width=&#8221;1\/6&#8243; css=&#8221;.vc_custom_1439203078488{margin-top: 0px !important;margin-right: 0px !important;margin-bottom: 0px !important;margin-left: 0px !important;padding-top: 0px !important;padding-right: 0px !important;padding-bottom: 0px !important;padding-left: 0px !important;}&#8221;][vc_column_text] [\/vc_column_text][\/vc_column][vc_column width=&#8221;2\/3&#8243; css=&#8221;.vc_custom_1441561868190{padding-right: 20px !important;padding-left: 20px !important;}&#8221;][vc_column_text] Our [&hellip;]","og_url":"https:\/\/mejeriet.smorgossarna.se\/en\/","og_site_name":"J\u00fcrss Mejeri","article_publisher":"https:\/\/www.facebook.com\/pages\/J%c3%bcrss-Mejeri\/159911630767867?fref=ts","article_modified_time":"2022-06-21T13:52:30+00:00","twitter_card":"summary_large_image","twitter_misc":{"Est. reading time":"4 minutes"},"schema":{"@context":"https:\/\/schema.org","@graph":[{"@type":"WebPage","@id":"https:\/\/mejeriet.smorgossarna.se\/en\/","url":"https:\/\/mejeriet.smorgossarna.se\/en\/","name":"Home - J\u00fcrss Mejeri","isPartOf":{"@id":"https:\/\/mejeriet.smorgossarna.se\/#website"},"datePublished":"2015-11-08T15:31:09+00:00","dateModified":"2022-06-21T13:52:30+00:00","breadcrumb":{"@id":"https:\/\/mejeriet.smorgossarna.se\/en\/#breadcrumb"},"inLanguage":"en-US","potentialAction":[{"@type":"ReadAction","target":["https:\/\/mejeriet.smorgossarna.se\/en\/"]}]},{"@type":"BreadcrumbList","@id":"https:\/\/mejeriet.smorgossarna.se\/en\/#breadcrumb","itemListElement":[{"@type":"ListItem","position":1,"name":"Hem","item":"https:\/\/mejeriet.smorgossarna.se\/en\/"},{"@type":"ListItem","position":2,"name":"Home"}]},{"@type":"WebSite","@id":"https:\/\/mejeriet.smorgossarna.se\/#website","url":"https:\/\/mejeriet.smorgossarna.se\/","name":"J\u00fcrss Mejeri","description":"Exklusiva ostar, kurser och utbildningar i hantverksm\u00e4ssig ytsning","publisher":{"@id":"https:\/\/mejeriet.smorgossarna.se\/#organization"},"potentialAction":[{"@type":"SearchAction","target":{"@type":"EntryPoint","urlTemplate":"https:\/\/mejeriet.smorgossarna.se\/?s={search_term_string}"},"query-input":"required name=search_term_string"}],"inLanguage":"en-US"},{"@type":"Organization","@id":"https:\/\/mejeriet.smorgossarna.se\/#organization","name":"J\u00fcrss Mejeri","url":"https:\/\/mejeriet.smorgossarna.se\/","logo":{"@type":"ImageObject","inLanguage":"en-US","@id":"https:\/\/mejeriet.smorgossarna.se\/#\/schema\/logo\/image\/","url":"https:\/\/mejeriet.smorgossarna.se\/wp-content\/uploads\/2015\/08\/jurss_mejeri_logotyp-e1438949331545.jpg","contentUrl":"https:\/\/mejeriet.smorgossarna.se\/wp-content\/uploads\/2015\/08\/jurss_mejeri_logotyp-e1438949331545.jpg","width":100,"height":100,"caption":"J\u00fcrss Mejeri"},"image":{"@id":"https:\/\/mejeriet.smorgossarna.se\/#\/schema\/logo\/image\/"},"sameAs":["https:\/\/www.facebook.com\/pages\/J\u00fcrss-Mejeri\/159911630767867?fref=ts","https:\/\/instagram.com\/jurssmejeri\/"]}]}},"_links":{"self":[{"href":"https:\/\/mejeriet.smorgossarna.se\/en\/wp-json\/wp\/v2\/pages\/2220"}],"collection":[{"href":"https:\/\/mejeriet.smorgossarna.se\/en\/wp-json\/wp\/v2\/pages"}],"about":[{"href":"https:\/\/mejeriet.smorgossarna.se\/en\/wp-json\/wp\/v2\/types\/page"}],"author":[{"embeddable":true,"href":"https:\/\/mejeriet.smorgossarna.se\/en\/wp-json\/wp\/v2\/users\/3"}],"replies":[{"embeddable":true,"href":"https:\/\/mejeriet.smorgossarna.se\/en\/wp-json\/wp\/v2\/comments?post=2220"}],"version-history":[{"count":3,"href":"https:\/\/mejeriet.smorgossarna.se\/en\/wp-json\/wp\/v2\/pages\/2220\/revisions"}],"predecessor-version":[{"id":2920,"href":"https:\/\/mejeriet.smorgossarna.se\/en\/wp-json\/wp\/v2\/pages\/2220\/revisions\/2920"}],"wp:attachment":[{"href":"https:\/\/mejeriet.smorgossarna.se\/en\/wp-json\/wp\/v2\/media?parent=2220"}],"curies":[{"name":"wp","href":"https:\/\/api.w.org\/{rel}","templated":true}]}}