{"id":2262,"date":"2015-11-12T20:43:50","date_gmt":"2015-11-12T19:43:50","guid":{"rendered":"https:\/\/mejeriet.smorgossarna.se\/?page_id=2262"},"modified":"2018-05-09T09:35:07","modified_gmt":"2018-05-09T07:35:07","slug":"contact","status":"publish","type":"page","link":"https:\/\/mejeriet.smorgossarna.se\/en\/contact\/","title":{"rendered":"CONTACT"},"content":{"rendered":"<p>[vc_row][vc_column offset=&#8221;vc_hidden-xs&#8221;][vc_empty_space height=&#8221;30px&#8221;][\/vc_column][\/vc_row][vc_row][vc_column width=&#8221;1\/2&#8243; offset=&#8221;vc_hidden-xs&#8221;][vc_single_image image=&#8221;2038&#8243; img_size=&#8221;full&#8221; alignment=&#8221;center&#8221; onclick=&#8221;link_image&#8221;][vc_empty_space height=&#8221;30px&#8221;][vc_single_image image=&#8221;1958&#8243; img_size=&#8221;full&#8221; alignment=&#8221;center&#8221; onclick=&#8221;link_image&#8221;][\/vc_column][vc_column width=&#8221;1\/2&#8243; offset=&#8221;vc_hidden-xs&#8221;][vc_column_text]<\/p>\n<h2>Contact us<\/h2>\n<div class=\"fusion-fa-align-left\"><i class=\"fb-icon-element-1 fb-icon-element fontawesome-icon fa fa-phone circle-yes\" style=\"font-size:11.44px;line-height:20.88px;height:22.88px;width:22.88px;border-width:1px;border-radius:50% 50% 50% 50%;margin-right:6.5px;\"><\/i><\/div><style>i.fb-icon-element.fontawesome-icon.fb-icon-element-1{ color: #ffffff; background-color: #333333; border-color: #333333;}i.fb-icon-element.fontawesome-icon.fb-icon-element-1:hover { color: #ffffff; background-color: #333333; border-color: #333333;}<\/style>+46 (0)157-141 10<\/p>\n<div class=\"fusion-fa-align-left\"><i class=\"fb-icon-element-2 fb-icon-element fontawesome-icon fa fa-envelope-o circle-yes\" style=\"font-size:11.44px;line-height:20.88px;height:22.88px;width:22.88px;border-width:1px;border-radius:50% 50% 50% 50%;margin-right:6.5px;\"><\/i><\/div><style>i.fb-icon-element.fontawesome-icon.fb-icon-element-2{ color: #ffffff; background-color: #333333; border-color: #333333;}i.fb-icon-element.fontawesome-icon.fb-icon-element-2:hover { color: #ffffff; background-color: #333333; border-color: #333333;}<\/style>J\u00fcrss Mejeri, Gjutm\u00e4starbacken 1, 648 31 H\u00e4lleforsn\u00e4s, Sweden<\/p>\n<div class=\"fusion-fa-align-left\"><i class=\"fb-icon-element-3 fb-icon-element fontawesome-icon fa fa-envelope circle-yes\" style=\"font-size:11.44px;line-height:20.88px;height:22.88px;width:22.88px;border-width:1px;border-radius:50% 50% 50% 50%;margin-right:6.5px;\"><\/i><\/div><style>i.fb-icon-element.fontawesome-icon.fb-icon-element-3{ color: #ffffff; background-color: #333333; border-color: #333333;}i.fb-icon-element.fontawesome-icon.fb-icon-element-3:hover { color: #ffffff; background-color: #333333; border-color: #333333;}<\/style> \u00a0<a href=\"mailto:jurssmejeri@mejeriet.smorgossarna.se\">Kerstin J\u00fcrss <\/a>och <a href=\"mailto:jurssmejeri@mejeriet.smorgossarna.se\">Claes J\u00fcrss<\/a>[\/vc_column_text][\/vc_column][\/vc_row][vc_row el_id=&#8221;mob&#8221;][vc_column offset=&#8221;vc_hidden-lg vc_hidden-md vc_hidden-sm&#8221;][vc_empty_space height=&#8221;20px&#8221;][vc_single_image image=&#8221;2038&#8243; img_size=&#8221;full&#8221; alignment=&#8221;center&#8221; onclick=&#8221;link_image&#8221;][vc_empty_space height=&#8221;5px&#8221;][vc_column_text]<\/p>\n<h2>Contact us<\/h2>\n<div class=\"fusion-fa-align-left\"><i class=\"fb-icon-element-4 fb-icon-element fontawesome-icon fa fa-phone circle-yes\" style=\"font-size:11.44px;line-height:20.88px;height:22.88px;width:22.88px;border-width:1px;border-radius:50% 50% 50% 50%;margin-right:6.5px;\"><\/i><\/div><style>i.fb-icon-element.fontawesome-icon.fb-icon-element-4{ color: #ffffff; background-color: #333333; border-color: #333333;}i.fb-icon-element.fontawesome-icon.fb-icon-element-4:hover { color: #ffffff; background-color: #333333; border-color: #333333;}<\/style>+46 (0)157-141 10<\/p>\n<div class=\"fusion-fa-align-left\"><i class=\"fb-icon-element-5 fb-icon-element fontawesome-icon fa fa-envelope-o circle-yes\" style=\"font-size:11.44px;line-height:20.88px;height:22.88px;width:22.88px;border-width:1px;border-radius:50% 50% 50% 50%;margin-right:6.5px;\"><\/i><\/div><style>i.fb-icon-element.fontawesome-icon.fb-icon-element-5{ color: #ffffff; background-color: #333333; border-color: #333333;}i.fb-icon-element.fontawesome-icon.fb-icon-element-5:hover { color: #ffffff; background-color: #333333; border-color: #333333;}<\/style>J\u00fcrss Mejeri, Gjutm\u00e4starbacken 1, 648 31 H\u00e4lleforsn\u00e4s, Sweden<\/p>\n<div class=\"fusion-fa-align-left\"><i class=\"fb-icon-element-6 fb-icon-element fontawesome-icon fa fa-envelope circle-yes\" style=\"font-size:11.44px;line-height:20.88px;height:22.88px;width:22.88px;border-width:1px;border-radius:50% 50% 50% 50%;margin-right:6.5px;\"><\/i><\/div><style>i.fb-icon-element.fontawesome-icon.fb-icon-element-6{ color: #ffffff; background-color: #333333; border-color: #333333;}i.fb-icon-element.fontawesome-icon.fb-icon-element-6:hover { color: #ffffff; background-color: #333333; border-color: #333333;}<\/style> \u00a0<a href=\"mailto:jurssmejeri@mejeriet.smorgossarna.se\">Kerstin J\u00fcrss <\/a>och <a href=\"mailto:jurssmejeri@mejeriet.smorgossarna.se\">Claes J\u00fcrss<\/a>[\/vc_column_text][\/vc_column][\/vc_row]<\/p>\n","protected":false},"excerpt":{"rendered":"<p>[vc_row][vc_column offset=&#8221;vc_hidden-xs&#8221;][vc_empty_space height=&#8221;30px&#8221;][\/vc_column][\/vc_row][vc_row][vc_column width=&#8221;1\/2&#8243; offset=&#8221;vc_hidden-xs&#8221;][vc_single_image image=&#8221;2038&#8243; img_size=&#8221;full&#8221; alignment=&#8221;center&#8221; onclick=&#8221;link_image&#8221;][vc_empty_space height=&#8221;30px&#8221;][vc_single_image image=&#8221;1958&#8243; img_size=&#8221;full&#8221; alignment=&#8221;center&#8221; onclick=&#8221;link_image&#8221;][\/vc_column][vc_column width=&#8221;1\/2&#8243; offset=&#8221;vc_hidden-xs&#8221;][vc_column_text] Contact us +46 (0)157-141 10 J\u00fcrss Mejeri, Gjutm\u00e4starbacken 1, 648 31 H\u00e4lleforsn\u00e4s, Sweden \u00a0Kerstin J\u00fcrss och Claes J\u00fcrss[\/vc_column_text][\/vc_column][\/vc_row][vc_row el_id=&#8221;mob&#8221;][vc_column offset=&#8221;vc_hidden-lg vc_hidden-md vc_hidden-sm&#8221;][vc_empty_space height=&#8221;20px&#8221;][vc_single_image image=&#8221;2038&#8243; img_size=&#8221;full&#8221; alignment=&#8221;center&#8221; onclick=&#8221;link_image&#8221;][vc_empty_space height=&#8221;5px&#8221;][vc_column_text] Contact us +46 (0)157-141 10 J\u00fcrss Mejeri, Gjutm\u00e4starbacken 1, 648 31 [&hellip;]<\/p>\n","protected":false},"author":3,"featured_media":0,"parent":0,"menu_order":5,"comment_status":"open","ping_status":"open","template":"100-width.php","meta":[],"yoast_head":"<!-- This site is optimized with the Yoast SEO plugin v20.6 - https:\/\/yoast.com\/wordpress\/plugins\/seo\/ -->\n<title>CONTACT - J\u00fcrss Mejeri<\/title>\n<meta name=\"robots\" content=\"index, follow, max-snippet:-1, max-image-preview:large, max-video-preview:-1\" \/>\n<link rel=\"canonical\" href=\"https:\/\/mejeriet.smorgossarna.se\/en\/contact\/\" \/>\n<meta property=\"og:locale\" content=\"en_US\" \/>\n<meta property=\"og:type\" content=\"article\" \/>\n<meta property=\"og:title\" content=\"CONTACT - J\u00fcrss Mejeri\" \/>\n<meta property=\"og:description\" content=\"[vc_row][vc_column offset=&#8221;vc_hidden-xs&#8221;][vc_empty_space height=&#8221;30px&#8221;][\/vc_column][\/vc_row][vc_row][vc_column width=&#8221;1\/2&#8243; offset=&#8221;vc_hidden-xs&#8221;][vc_single_image image=&#8221;2038&#8243; img_size=&#8221;full&#8221; alignment=&#8221;center&#8221; onclick=&#8221;link_image&#8221;][vc_empty_space height=&#8221;30px&#8221;][vc_single_image image=&#8221;1958&#8243; img_size=&#8221;full&#8221; alignment=&#8221;center&#8221; onclick=&#8221;link_image&#8221;][\/vc_column][vc_column width=&#8221;1\/2&#8243; offset=&#8221;vc_hidden-xs&#8221;][vc_column_text] Contact us +46 (0)157-141 10 J\u00fcrss Mejeri, Gjutm\u00e4starbacken 1, 648 31 H\u00e4lleforsn\u00e4s, Sweden \u00a0Kerstin J\u00fcrss och Claes J\u00fcrss[\/vc_column_text][\/vc_column][\/vc_row][vc_row el_id=&#8221;mob&#8221;][vc_column offset=&#8221;vc_hidden-lg vc_hidden-md vc_hidden-sm&#8221;][vc_empty_space height=&#8221;20px&#8221;][vc_single_image image=&#8221;2038&#8243; img_size=&#8221;full&#8221; alignment=&#8221;center&#8221; onclick=&#8221;link_image&#8221;][vc_empty_space height=&#8221;5px&#8221;][vc_column_text] Contact us +46 (0)157-141 10 J\u00fcrss Mejeri, Gjutm\u00e4starbacken 1, 648 31 [&hellip;]\" \/>\n<meta property=\"og:url\" content=\"https:\/\/mejeriet.smorgossarna.se\/en\/contact\/\" \/>\n<meta property=\"og:site_name\" content=\"J\u00fcrss Mejeri\" \/>\n<meta property=\"article:publisher\" content=\"https:\/\/www.facebook.com\/pages\/J%c3%bcrss-Mejeri\/159911630767867?fref=ts\" \/>\n<meta property=\"article:modified_time\" content=\"2018-05-09T07:35:07+00:00\" \/>\n<meta name=\"twitter:card\" content=\"summary_large_image\" \/>\n<meta name=\"twitter:label1\" content=\"Est. reading time\" \/>\n\t<meta name=\"twitter:data1\" content=\"2 minutes\" \/>\n<script type=\"application\/ld+json\" class=\"yoast-schema-graph\">{\"@context\":\"https:\/\/schema.org\",\"@graph\":[{\"@type\":\"WebPage\",\"@id\":\"https:\/\/mejeriet.smorgossarna.se\/en\/contact\/\",\"url\":\"https:\/\/mejeriet.smorgossarna.se\/en\/contact\/\",\"name\":\"CONTACT - J\u00fcrss Mejeri\",\"isPartOf\":{\"@id\":\"https:\/\/mejeriet.smorgossarna.se\/#website\"},\"datePublished\":\"2015-11-12T19:43:50+00:00\",\"dateModified\":\"2018-05-09T07:35:07+00:00\",\"breadcrumb\":{\"@id\":\"https:\/\/mejeriet.smorgossarna.se\/en\/contact\/#breadcrumb\"},\"inLanguage\":\"en-US\",\"potentialAction\":[{\"@type\":\"ReadAction\",\"target\":[\"https:\/\/mejeriet.smorgossarna.se\/en\/contact\/\"]}]},{\"@type\":\"BreadcrumbList\",\"@id\":\"https:\/\/mejeriet.smorgossarna.se\/en\/contact\/#breadcrumb\",\"itemListElement\":[{\"@type\":\"ListItem\",\"position\":1,\"name\":\"Hem\",\"item\":\"https:\/\/mejeriet.smorgossarna.se\/en\/\"},{\"@type\":\"ListItem\",\"position\":2,\"name\":\"CONTACT\"}]},{\"@type\":\"WebSite\",\"@id\":\"https:\/\/mejeriet.smorgossarna.se\/#website\",\"url\":\"https:\/\/mejeriet.smorgossarna.se\/\",\"name\":\"J\u00fcrss Mejeri\",\"description\":\"Exklusiva ostar, kurser och utbildningar i hantverksm\u00e4ssig ytsning\",\"publisher\":{\"@id\":\"https:\/\/mejeriet.smorgossarna.se\/#organization\"},\"potentialAction\":[{\"@type\":\"SearchAction\",\"target\":{\"@type\":\"EntryPoint\",\"urlTemplate\":\"https:\/\/mejeriet.smorgossarna.se\/?s={search_term_string}\"},\"query-input\":\"required name=search_term_string\"}],\"inLanguage\":\"en-US\"},{\"@type\":\"Organization\",\"@id\":\"https:\/\/mejeriet.smorgossarna.se\/#organization\",\"name\":\"J\u00fcrss Mejeri\",\"url\":\"https:\/\/mejeriet.smorgossarna.se\/\",\"logo\":{\"@type\":\"ImageObject\",\"inLanguage\":\"en-US\",\"@id\":\"https:\/\/mejeriet.smorgossarna.se\/#\/schema\/logo\/image\/\",\"url\":\"https:\/\/mejeriet.smorgossarna.se\/wp-content\/uploads\/2015\/08\/jurss_mejeri_logotyp-e1438949331545.jpg\",\"contentUrl\":\"https:\/\/mejeriet.smorgossarna.se\/wp-content\/uploads\/2015\/08\/jurss_mejeri_logotyp-e1438949331545.jpg\",\"width\":100,\"height\":100,\"caption\":\"J\u00fcrss Mejeri\"},\"image\":{\"@id\":\"https:\/\/mejeriet.smorgossarna.se\/#\/schema\/logo\/image\/\"},\"sameAs\":[\"https:\/\/www.facebook.com\/pages\/J\u00fcrss-Mejeri\/159911630767867?fref=ts\",\"https:\/\/instagram.com\/jurssmejeri\/\"]}]}<\/script>\n<!-- \/ Yoast SEO plugin. -->","yoast_head_json":{"title":"CONTACT - J\u00fcrss Mejeri","robots":{"index":"index","follow":"follow","max-snippet":"max-snippet:-1","max-image-preview":"max-image-preview:large","max-video-preview":"max-video-preview:-1"},"canonical":"https:\/\/mejeriet.smorgossarna.se\/en\/contact\/","og_locale":"en_US","og_type":"article","og_title":"CONTACT - J\u00fcrss Mejeri","og_description":"[vc_row][vc_column offset=&#8221;vc_hidden-xs&#8221;][vc_empty_space height=&#8221;30px&#8221;][\/vc_column][\/vc_row][vc_row][vc_column width=&#8221;1\/2&#8243; offset=&#8221;vc_hidden-xs&#8221;][vc_single_image image=&#8221;2038&#8243; img_size=&#8221;full&#8221; alignment=&#8221;center&#8221; onclick=&#8221;link_image&#8221;][vc_empty_space height=&#8221;30px&#8221;][vc_single_image image=&#8221;1958&#8243; img_size=&#8221;full&#8221; alignment=&#8221;center&#8221; onclick=&#8221;link_image&#8221;][\/vc_column][vc_column width=&#8221;1\/2&#8243; offset=&#8221;vc_hidden-xs&#8221;][vc_column_text] Contact us +46 (0)157-141 10 J\u00fcrss Mejeri, Gjutm\u00e4starbacken 1, 648 31 H\u00e4lleforsn\u00e4s, Sweden \u00a0Kerstin J\u00fcrss och Claes J\u00fcrss[\/vc_column_text][\/vc_column][\/vc_row][vc_row el_id=&#8221;mob&#8221;][vc_column offset=&#8221;vc_hidden-lg vc_hidden-md vc_hidden-sm&#8221;][vc_empty_space height=&#8221;20px&#8221;][vc_single_image image=&#8221;2038&#8243; img_size=&#8221;full&#8221; alignment=&#8221;center&#8221; onclick=&#8221;link_image&#8221;][vc_empty_space height=&#8221;5px&#8221;][vc_column_text] Contact us +46 (0)157-141 10 J\u00fcrss Mejeri, Gjutm\u00e4starbacken 1, 648 31 [&hellip;]","og_url":"https:\/\/mejeriet.smorgossarna.se\/en\/contact\/","og_site_name":"J\u00fcrss Mejeri","article_publisher":"https:\/\/www.facebook.com\/pages\/J%c3%bcrss-Mejeri\/159911630767867?fref=ts","article_modified_time":"2018-05-09T07:35:07+00:00","twitter_card":"summary_large_image","twitter_misc":{"Est. reading time":"2 minutes"},"schema":{"@context":"https:\/\/schema.org","@graph":[{"@type":"WebPage","@id":"https:\/\/mejeriet.smorgossarna.se\/en\/contact\/","url":"https:\/\/mejeriet.smorgossarna.se\/en\/contact\/","name":"CONTACT - J\u00fcrss Mejeri","isPartOf":{"@id":"https:\/\/mejeriet.smorgossarna.se\/#website"},"datePublished":"2015-11-12T19:43:50+00:00","dateModified":"2018-05-09T07:35:07+00:00","breadcrumb":{"@id":"https:\/\/mejeriet.smorgossarna.se\/en\/contact\/#breadcrumb"},"inLanguage":"en-US","potentialAction":[{"@type":"ReadAction","target":["https:\/\/mejeriet.smorgossarna.se\/en\/contact\/"]}]},{"@type":"BreadcrumbList","@id":"https:\/\/mejeriet.smorgossarna.se\/en\/contact\/#breadcrumb","itemListElement":[{"@type":"ListItem","position":1,"name":"Hem","item":"https:\/\/mejeriet.smorgossarna.se\/en\/"},{"@type":"ListItem","position":2,"name":"CONTACT"}]},{"@type":"WebSite","@id":"https:\/\/mejeriet.smorgossarna.se\/#website","url":"https:\/\/mejeriet.smorgossarna.se\/","name":"J\u00fcrss Mejeri","description":"Exklusiva ostar, kurser och utbildningar i hantverksm\u00e4ssig ytsning","publisher":{"@id":"https:\/\/mejeriet.smorgossarna.se\/#organization"},"potentialAction":[{"@type":"SearchAction","target":{"@type":"EntryPoint","urlTemplate":"https:\/\/mejeriet.smorgossarna.se\/?s={search_term_string}"},"query-input":"required name=search_term_string"}],"inLanguage":"en-US"},{"@type":"Organization","@id":"https:\/\/mejeriet.smorgossarna.se\/#organization","name":"J\u00fcrss Mejeri","url":"https:\/\/mejeriet.smorgossarna.se\/","logo":{"@type":"ImageObject","inLanguage":"en-US","@id":"https:\/\/mejeriet.smorgossarna.se\/#\/schema\/logo\/image\/","url":"https:\/\/mejeriet.smorgossarna.se\/wp-content\/uploads\/2015\/08\/jurss_mejeri_logotyp-e1438949331545.jpg","contentUrl":"https:\/\/mejeriet.smorgossarna.se\/wp-content\/uploads\/2015\/08\/jurss_mejeri_logotyp-e1438949331545.jpg","width":100,"height":100,"caption":"J\u00fcrss Mejeri"},"image":{"@id":"https:\/\/mejeriet.smorgossarna.se\/#\/schema\/logo\/image\/"},"sameAs":["https:\/\/www.facebook.com\/pages\/J\u00fcrss-Mejeri\/159911630767867?fref=ts","https:\/\/instagram.com\/jurssmejeri\/"]}]}},"_links":{"self":[{"href":"https:\/\/mejeriet.smorgossarna.se\/en\/wp-json\/wp\/v2\/pages\/2262"}],"collection":[{"href":"https:\/\/mejeriet.smorgossarna.se\/en\/wp-json\/wp\/v2\/pages"}],"about":[{"href":"https:\/\/mejeriet.smorgossarna.se\/en\/wp-json\/wp\/v2\/types\/page"}],"author":[{"embeddable":true,"href":"https:\/\/mejeriet.smorgossarna.se\/en\/wp-json\/wp\/v2\/users\/3"}],"replies":[{"embeddable":true,"href":"https:\/\/mejeriet.smorgossarna.se\/en\/wp-json\/wp\/v2\/comments?post=2262"}],"version-history":[{"count":0,"href":"https:\/\/mejeriet.smorgossarna.se\/en\/wp-json\/wp\/v2\/pages\/2262\/revisions"}],"wp:attachment":[{"href":"https:\/\/mejeriet.smorgossarna.se\/en\/wp-json\/wp\/v2\/media?parent=2262"}],"curies":[{"name":"wp","href":"https:\/\/api.w.org\/{rel}","templated":true}]}}